{"id":14669,"date":"2016-07-05T10:28:17","date_gmt":"2016-07-05T08:28:17","guid":{"rendered":"http:\/\/www.knippsbox.de\/?page_id=14669"},"modified":"2016-07-07T08:27:21","modified_gmt":"2016-07-07T06:27:21","slug":"gestalte-dein-eigenes-bildlogo","status":"publish","type":"page","link":"https:\/\/knippsbox.de\/?page_id=14669","title":{"rendered":"Gestalte dein eigenes Bildlogo"},"content":{"rendered":"<p><!-- OPEN WITH POST PARAMETER -->Gestalte dein ganz eigenes Logo einfach selbst und ohne spezielle Software auf deinem PC.<\/p>\n<p><a href=\"http:\/\/www.sumopaint.com\">Sumopaint<\/a> bietet dir\u00a0alle M\u00f6glichkeiten\u00a0die du zur Erstellung deines individuellen Bildlogos ben\u00f6tigst. Klicke einfach auf das unten gezeigte Bild und du wirst automatisch zu Sumopaint weitergeleitet. Au\u00dferdem \u00f6ffnet sich automatisch die richtige Vorlage f\u00fcr das Logo. Du musst also nur noch den Bildbereich beliebig f\u00fcllen, auf deinem PC abspeichern und uns per eMail zusenden.<\/p>\n<p>Als kleinen Einstieg bietet euch das kurze Videotutorial den perfekten\u00a0Start. Seid kreativ und passt euer\u00a0Bildlogo eurem Anlass an.<\/p>\n<p>Viel Spa\u00df dabei!<\/p>\n<h5><\/h5>\n<form action=\"http:\/\/www.sumopaint.com\/paint\/\" method=\"POST\"><input name=\"title\" type=\"hidden\" value=\"Knippsbox Bildlogo\" \/>Klicke auf das Bild<br \/>\n<input style=\"width: 250px; height: 170px;\" src=\"https:\/\/knippsbox.de\/wp-content\/uploads\/2016\/06\/Logo_Template_1984x400_V2.png\" type=\"image\" \/><br \/>\n<input name=\"language\" type=\"hidden\" value=\"1\" \/><br \/>\nVideo Tutorial:<input name=\"new\" type=\"hidden\" value=\"false\" \/><div style=\"width: 640px;\" class=\"wp-video\"><video class=\"wp-video-shortcode\" id=\"video-14669-1\" width=\"640\" height=\"360\" poster=\"https:\/\/knippsbox.de\/wp-content\/uploads\/2016\/07\/Bildlogo-tutorial_02.png\" preload=\"metadata\" controls=\"controls\"><source type=\"video\/mp4\" src=\"https:\/\/knippsbox.de\/wp-content\/uploads\/2016\/07\/Knippsbox_logo_Sumopaint.mp4?_=1\" \/><a href=\"https:\/\/knippsbox.de\/wp-content\/uploads\/2016\/07\/Knippsbox_logo_Sumopaint.mp4\">https:\/\/knippsbox.de\/wp-content\/uploads\/2016\/07\/Knippsbox_logo_Sumopaint.mp4<\/a><\/video><\/div><br \/>\n<input name=\"layer\" type=\"hidden\" value=\"Knippsbox_Bildlogo_Vorlage\" \/><br \/>\n<input name=\"sumo\" type=\"hidden\" value=\"0\" \/><br \/>\n<input name=\"openhd\" type=\"hidden\" value=\"false\" \/><br \/>\n<input name=\"openurl\" type=\"hidden\" value=\"false\" \/><br \/>\n<input name=\"cloud\" type=\"hidden\" value=\"false\" \/><br \/>\n<input name=\"target\" type=\"hidden\" value=\"http:\/\/www.elprocon.de\/savefile.php\" \/><br \/>\n<input name=\"url\" type=\"hidden\" value=\"https:\/\/knippsbox.de\/wp-content\/uploads\/2016\/07\/Knippsbox_label_1980x400.png\" \/><\/form>\n","protected":false},"excerpt":{"rendered":"<p>Gestalte dein ganz eigenes Logo einfach selbst und ohne spezielle Software auf deinem PC. Sumopaint bietet dir\u00a0alle M\u00f6glichkeiten\u00a0die du zur Erstellung deines individuellen Bildlogos ben\u00f6tigst. Klicke einfach auf das unten gezeigte Bild und du wirst automatisch zu Sumopaint weitergeleitet. Au\u00dferdem \u00f6ffnet sich automatisch die richtige Vorlage f\u00fcr das Logo. Du musst also nur noch den<a href=\"https:\/\/knippsbox.de\/?page_id=14669\">[&#8230;]<\/a><\/p>\n","protected":false},"author":1,"featured_media":0,"parent":0,"menu_order":0,"comment_status":"closed","ping_status":"closed","template":"template-fullwidth.php","meta":{"ngg_post_thumbnail":0,"footnotes":""},"class_list":["post-14669","page","type-page","status-publish","hentry"],"_links":{"self":[{"href":"https:\/\/knippsbox.de\/index.php?rest_route=\/wp\/v2\/pages\/14669","targetHints":{"allow":["GET"]}}],"collection":[{"href":"https:\/\/knippsbox.de\/index.php?rest_route=\/wp\/v2\/pages"}],"about":[{"href":"https:\/\/knippsbox.de\/index.php?rest_route=\/wp\/v2\/types\/page"}],"author":[{"embeddable":true,"href":"https:\/\/knippsbox.de\/index.php?rest_route=\/wp\/v2\/users\/1"}],"replies":[{"embeddable":true,"href":"https:\/\/knippsbox.de\/index.php?rest_route=%2Fwp%2Fv2%2Fcomments&post=14669"}],"version-history":[{"count":41,"href":"https:\/\/knippsbox.de\/index.php?rest_route=\/wp\/v2\/pages\/14669\/revisions"}],"predecessor-version":[{"id":14715,"href":"https:\/\/knippsbox.de\/index.php?rest_route=\/wp\/v2\/pages\/14669\/revisions\/14715"}],"wp:attachment":[{"href":"https:\/\/knippsbox.de\/index.php?rest_route=%2Fwp%2Fv2%2Fmedia&parent=14669"}],"curies":[{"name":"wp","href":"https:\/\/api.w.org\/{rel}","templated":true}]}}