{"id":15351,"date":"2017-09-11T12:30:18","date_gmt":"2017-09-11T10:30:18","guid":{"rendered":"https:\/\/knippsbox.de\/?page_id=15351"},"modified":"2017-09-11T13:41:44","modified_gmt":"2017-09-11T11:41:44","slug":"knippsbox-platz","status":"publish","type":"page","link":"https:\/\/knippsbox.de\/?page_id=15351","title":{"rendered":"KnippsBox Platz"},"content":{"rendered":"<h2>Platzbedarf KnippsBox<\/h2>\n<p>Entscheidender Faktor f\u00fcr den Erfolg von sch\u00f6nen Fotos ist, wie immer, das Setting.<br \/>\nF\u00fcr die Planung des Aufstellortes haben wir f\u00fcr euch einmal dargestellt wie der Platzbedarf f\u00fcr die KnippsBox ist.<\/p>\n<p>&nbsp;<\/p>\n<h3>Standard Setting<\/h3>\n<p>f\u00fcr den Aufbau im freien Raum ist ein Platzbedarf von 3m x 3m x 2,5m ideal. So k\u00f6nnen sich ohne Probleme bis zu 10 Personen, von der H\u00fcfte aufw\u00e4rts, gleichzeitig ablichten lassen. Ebenso l\u00e4sst sich in diesem Setting der Hintergrund novh sch\u00f6n schm\u00fccken, mit Girlanden oder Luftballons.<\/p>\n<p style=\"text-align: center;\"><iframe loading=\"lazy\" src=\"https:\/\/clara.io\/embed\/1e4e16f7-e560-4e19-8cd2-28c8bbb7ec2f?renderer=webgl\" width=\"800\" height=\"600\"><\/iframe><\/p>\n<p><a href=\"https:\/\/knippsbox.de\/wp-content\/uploads\/2017\/09\/image2.png\"><img loading=\"lazy\" decoding=\"async\" class=\"aligncenter size-medium wp-image-15356\" src=\"https:\/\/knippsbox.de\/wp-content\/uploads\/2017\/09\/image2-300x169.png\" alt=\"KnippsBox-Aufbau2\" width=\"300\" height=\"169\" srcset=\"https:\/\/knippsbox.de\/wp-content\/uploads\/2017\/09\/image2-300x169.png 300w, https:\/\/knippsbox.de\/wp-content\/uploads\/2017\/09\/image2-60x34.png 60w, https:\/\/knippsbox.de\/wp-content\/uploads\/2017\/09\/image2-800x450.png 800w, https:\/\/knippsbox.de\/wp-content\/uploads\/2017\/09\/image2.png 1920w\" sizes=\"auto, (max-width: 300px) 100vw, 300px\" \/><\/a><a href=\"https:\/\/knippsbox.de\/wp-content\/uploads\/2017\/09\/image.png\"><img loading=\"lazy\" decoding=\"async\" class=\"aligncenter size-medium wp-image-15355\" src=\"https:\/\/knippsbox.de\/wp-content\/uploads\/2017\/09\/image-300x169.png\" alt=\"KnippsBox-Aufbau1\" width=\"300\" height=\"169\" srcset=\"https:\/\/knippsbox.de\/wp-content\/uploads\/2017\/09\/image-300x169.png 300w, https:\/\/knippsbox.de\/wp-content\/uploads\/2017\/09\/image-60x34.png 60w, https:\/\/knippsbox.de\/wp-content\/uploads\/2017\/09\/image-800x450.png 800w, https:\/\/knippsbox.de\/wp-content\/uploads\/2017\/09\/image.png 1920w\" sizes=\"auto, (max-width: 300px) 100vw, 300px\" \/><\/a><\/p>\n<h3>&nbsp;<\/h3>\n<h3>Besondere Raumverh\u00e4ltnisse an Ihrer Location<\/h3>\n<p>Keine Angst wenn der ideale Platz mal nicht vorhanden ist! Vor Ort, beim Aufbau durch das Knippsbox-Team, k\u00f6nnen helfen wir gerne den bestm\u00f6glichen Platz zum Aufbau zu finden. Bislang hat sich noch \u00fcberall ein sch\u00f6ner Ort f\u00fcr die Fotos gefunden. Sagen Sie uns im Vorhinein einfach Bescheid, damit wir den n\u00f6tigen Zeitaufwand beim Aufbau mit ber\u00fccksichtigen k\u00f6nnen.<\/p>\n","protected":false},"excerpt":{"rendered":"<p>Platzbedarf KnippsBox Entscheidender Faktor f\u00fcr den Erfolg von sch\u00f6nen Fotos ist, wie immer, das Setting. F\u00fcr die Planung des Aufstellortes haben wir f\u00fcr euch einmal dargestellt wie der Platzbedarf f\u00fcr die KnippsBox ist. &nbsp; Standard Setting f\u00fcr den Aufbau im freien Raum ist ein Platzbedarf von 3m x 3m x 2,5m ideal. So k\u00f6nnen sich<a href=\"https:\/\/knippsbox.de\/?page_id=15351\">[&#8230;]<\/a><\/p>\n","protected":false},"author":1,"featured_media":0,"parent":0,"menu_order":0,"comment_status":"closed","ping_status":"closed","template":"template-fullwidth.php","meta":{"ngg_post_thumbnail":0,"footnotes":""},"class_list":["post-15351","page","type-page","status-publish","hentry"],"_links":{"self":[{"href":"https:\/\/knippsbox.de\/index.php?rest_route=\/wp\/v2\/pages\/15351","targetHints":{"allow":["GET"]}}],"collection":[{"href":"https:\/\/knippsbox.de\/index.php?rest_route=\/wp\/v2\/pages"}],"about":[{"href":"https:\/\/knippsbox.de\/index.php?rest_route=\/wp\/v2\/types\/page"}],"author":[{"embeddable":true,"href":"https:\/\/knippsbox.de\/index.php?rest_route=\/wp\/v2\/users\/1"}],"replies":[{"embeddable":true,"href":"https:\/\/knippsbox.de\/index.php?rest_route=%2Fwp%2Fv2%2Fcomments&post=15351"}],"version-history":[{"count":4,"href":"https:\/\/knippsbox.de\/index.php?rest_route=\/wp\/v2\/pages\/15351\/revisions"}],"predecessor-version":[{"id":15357,"href":"https:\/\/knippsbox.de\/index.php?rest_route=\/wp\/v2\/pages\/15351\/revisions\/15357"}],"wp:attachment":[{"href":"https:\/\/knippsbox.de\/index.php?rest_route=%2Fwp%2Fv2%2Fmedia&parent=15351"}],"curies":[{"name":"wp","href":"https:\/\/api.w.org\/{rel}","templated":true}]}}